{"id":6199,"date":"2026-01-07T15:32:21","date_gmt":"2026-01-07T15:32:21","guid":{"rendered":"https:\/\/papillon.com.ar\/tienda2\/?post_type=product&#038;p=6199"},"modified":"2026-04-08T23:54:19","modified_gmt":"2026-04-08T23:54:19","slug":"art-7661","status":"publish","type":"product","link":"https:\/\/papillon.com.ar\/tienda2\/producto\/art-7661\/","title":{"rendered":"Art. 7661"},"content":{"rendered":"<p>Corpi\u00f1o alta sujeci\u00f3n\/ deporte ortop\u00e9dico\/ recubrimiento anti-flacidez.<\/p>\n<p>Prenda de \u00faltima generaci\u00f3n confeccionada con un tejido inteligente de biocer\u00e1mica. Este material es capaz de absorber el calor corporal y transformarlo en radiaci\u00f3n infrarroja de onda larga, la cual es devuelta al organismo. Este proceso promueve la microcirculaci\u00f3n sangu\u00ednea y mejora la elasticidad de la piel.<\/p>\n<p>Su dise\u00f1o combina una compresi\u00f3n firme con una m\u00e1xima elasticidad, ofreciendo un ajuste anat\u00f3mico y confortable que moldea la silueta.<\/p>\n<p>Ideal para uso deportivo y como modelador de alta sujeci\u00f3n.<\/p>\n","protected":false},"excerpt":{"rendered":"<p>Corpi\u00f1o alta sujeci\u00f3n\/ deporte ortop\u00e9dico\/ recubrimiento anti-flacidez. Prenda de \u00faltima generaci\u00f3n confeccionada con un tejido inteligente de biocer\u00e1mica. Este material es capaz de absorber el calor corporal y transformarlo en radiaci\u00f3n infrarroja de onda larga, la cual es devuelta al organismo. Este proceso promueve la microcirculaci\u00f3n sangu\u00ednea y mejora la [&hellip;]<\/p>\n","protected":false},"featured_media":6397,"template":"","meta":[],"product_brand":[],"product_cat":[40,107,108,50],"product_tag":[],"class_list":{"0":"post-6199","1":"product","2":"type-product","3":"status-publish","4":"has-post-thumbnail","6":"product_cat-corpinos","7":"product_cat-curve","8":"product_cat-curve-sin-arco","9":"product_cat-sin-arco","11":"first","12":"instock","13":"shipping-taxable","14":"purchasable","15":"product-type-variable"},"_links":{"self":[{"href":"https:\/\/papillon.com.ar\/tienda2\/wp-json\/wp\/v2\/product\/6199","targetHints":{"allow":["GET"]}}],"collection":[{"href":"https:\/\/papillon.com.ar\/tienda2\/wp-json\/wp\/v2\/product"}],"about":[{"href":"https:\/\/papillon.com.ar\/tienda2\/wp-json\/wp\/v2\/types\/product"}],"wp:featuredmedia":[{"embeddable":true,"href":"https:\/\/papillon.com.ar\/tienda2\/wp-json\/wp\/v2\/media\/6397"}],"wp:attachment":[{"href":"https:\/\/papillon.com.ar\/tienda2\/wp-json\/wp\/v2\/media?parent=6199"}],"wp:term":[{"taxonomy":"product_brand","embeddable":true,"href":"https:\/\/papillon.com.ar\/tienda2\/wp-json\/wp\/v2\/product_brand?post=6199"},{"taxonomy":"product_cat","embeddable":true,"href":"https:\/\/papillon.com.ar\/tienda2\/wp-json\/wp\/v2\/product_cat?post=6199"},{"taxonomy":"product_tag","embeddable":true,"href":"https:\/\/papillon.com.ar\/tienda2\/wp-json\/wp\/v2\/product_tag?post=6199"}],"curies":[{"name":"wp","href":"https:\/\/api.w.org\/{rel}","templated":true}]}}